{"id":24194,"date":"2026-04-09T20:09:16","date_gmt":"2026-04-09T17:09:16","guid":{"rendered":"https:\/\/www.atiayapi.com\/?page_id=24194"},"modified":"2026-04-18T02:25:15","modified_gmt":"2026-04-17T23:25:15","slug":"kvkk","status":"publish","type":"page","link":"https:\/\/www.atiayapi.com\/en\/kvkk\/","title":{"rendered":"Personal Data Protection Law"},"content":{"rendered":"<div data-elementor-type=\"wp-page\" data-elementor-id=\"24194\" class=\"elementor elementor-24194\" data-elementor-post-type=\"page\">\n\t\t\t\t        <section class=\"elementor-section elementor-top-section elementor-element elementor-element-f5d5d90 elementor-section-stretched elementor-section-boxed elementor-section-height-default elementor-section-height-default pxl-row-scroll-none pxl-zoom-point-false pxl-section-overflow-visible pxl-section-fix-none pxl_parallax_bg_img_noise-none pxl-bg-color-none pxl-section-overlay-none\" data-id=\"f5d5d90\" data-element_type=\"section\" data-e-type=\"section\" data-settings=\"{&quot;stretch_section&quot;:&quot;section-stretched&quot;}\">\n\n                \n                <div class=\"elementor-container elementor-column-gap-extended\">\n                <div class=\"elementor-column elementor-col-100 elementor-top-column elementor-element elementor-element-2abfbed pxl-column-none pxl-column-overflow-hidden-no pxl-column-zoom-no\" data-id=\"2abfbed\" data-element_type=\"column\" data-e-type=\"column\">\r\n        <div class=\"elementor-widget-wrap elementor-element-populated\">\r\n                     \r\n        \t\t<div class=\"elementor-element elementor-element-1c2c1b8 elementor-widget elementor-widget-pxl_heading\" data-id=\"1c2c1b8\" data-element_type=\"widget\" data-e-type=\"widget\" data-widget_type=\"pxl_heading.default\">\n\t\t\t\t<div class=\"elementor-widget-container\">\n\t\t\t\t\t\n<div id=\"pxl-pxl_heading-1c2c1b8-6820\" class=\"pxl-heading px-sub-title-default style-default-style\">\n\t<div class=\"pxl-heading--inner\">\n\t\t\n\t\t<h3 class=\"pxl-item--title pxl-split-text style-default  highlight-default split-in-right\" data-wow-delay=\"ms\">\n\t\t\t\t\tKVKK CLARIFICATION TEXT\t\n\t\t\t\n\t\t<\/h3>\n\n\t<\/div>\n<\/div>\t\t\t\t<\/div>\n\t\t\t\t<\/div>\n\t\t\t\t<div class=\"elementor-element elementor-element-0d72310 elementor-widget elementor-widget-text-editor\" data-id=\"0d72310\" data-element_type=\"widget\" data-e-type=\"widget\" data-widget_type=\"text-editor.default\">\n\t\t\t\t<div class=\"elementor-widget-container\">\n\t\t\t\t\t\t\t\t\t<p data-start=\"1940\" data-end=\"2110\"><span style=\"color: #000000;\">Pursuant to Law No. 6698 on the Protection of Personal Data (\u201cKVKK\u201d), as Atia Yap\u0131 as the data controller, your personal data is processed within the scope described below.<\/span><\/p><h5 data-section-id=\"h2bfkr\" data-start=\"2112\" data-end=\"2136\"><span style=\"color: #000000;\" role=\"text\"><strong data-start=\"2115\" data-end=\"2136\">1. Data Controller<\/strong><\/span><\/h5><p data-start=\"2138\" data-end=\"2237\"><span style=\"color: #000000;\">Atia Construction<\/span><br data-start=\"2147\" data-end=\"2150\" \/><span style=\"color: #000000;\"><strong>Address:<\/strong> Beytepe Mah. Kanuni Sultan S\u00fcleyman Bulv. No: 14\/B3 \u00c7ankaya \/ Ankara \/ TURKEY<\/span><\/p><h5 data-section-id=\"17d44uf\" data-start=\"2239\" data-end=\"2272\"><span style=\"color: #000000;\" role=\"text\"><strong data-start=\"2242\" data-end=\"2272\">2. Processed Personal Data<\/strong><\/span><\/h5><ul data-start=\"2274\" data-end=\"2435\"><li data-section-id=\"1qzssuy\" data-start=\"2274\" data-end=\"2306\"><span style=\"color: #000000;\">Identity information (name, surname)<\/span><\/li><li data-section-id=\"1tjdi6n\" data-start=\"2307\" data-end=\"2348\"><span style=\"color: #000000;\">Contact information (phone, e-mail)<\/span><\/li><li data-section-id=\"eho5wt\" data-start=\"2349\" data-end=\"2405\"><span style=\"color: #000000;\">Process security information (IP address, log records)<\/span><\/li><li data-section-id=\"1uapgvi\" data-start=\"2406\" data-end=\"2435\"><span style=\"color: #000000;\">Request and message content<\/span><\/li><\/ul><h5 data-section-id=\"qpg3ie\" data-start=\"2437\" data-end=\"2481\"><span style=\"color: #000000;\" role=\"text\"><strong data-start=\"2440\" data-end=\"2481\">3. Purposes of Processing Personal Data<\/strong><\/span><\/h5><p data-start=\"2483\" data-end=\"2503\"><span style=\"color: #000000;\">Your personal data;<\/span><\/p><ul data-start=\"2505\" data-end=\"2674\"><li data-section-id=\"1i8l8bt\" data-start=\"2505\" data-end=\"2548\"><span style=\"color: #000000;\">Evaluation of requests and applications<\/span><\/li><li data-section-id=\"fqo3u2\" data-start=\"2549\" data-end=\"2584\"><span style=\"color: #000000;\">Ensuring customer communication<\/span><\/li><li data-section-id=\"117txkv\" data-start=\"2585\" data-end=\"2628\"><span style=\"color: #000000;\">Delivery and development of services<\/span><\/li><li data-section-id=\"wfy2bb\" data-start=\"2629\" data-end=\"2674\"><span style=\"color: #000000;\">Fulfillment of legal obligations<\/span><\/li><\/ul><p data-start=\"2676\" data-end=\"2702\"><span style=\"color: #000000;\">purposes.<\/span><\/p><h5 data-section-id=\"1a7bfqz\" data-start=\"2704\" data-end=\"2743\"><span style=\"color: #000000;\" role=\"text\"><strong data-start=\"2707\" data-end=\"2743\">4. Transfer of Personal Data<\/strong><\/span><\/h5><p data-start=\"2745\" data-end=\"2762\"><span style=\"color: #000000;\">Collected data;<\/span><\/p><ul data-start=\"2764\" data-end=\"2863\"><li data-section-id=\"11zjq9f\" data-start=\"2764\" data-end=\"2814\"><span style=\"color: #000000;\">To official institutions within the scope of legal obligations<\/span><\/li><li data-section-id=\"fwqwf3\" data-start=\"2815\" data-end=\"2863\"><span style=\"color: #000000;\">Service providers of technical infrastructure<\/span><\/li><\/ul><p data-start=\"2865\" data-end=\"2901\"><span style=\"color: #000000;\">It may be transferred in accordance with KVKK.<\/span><\/p><h5 data-section-id=\"j0rxsr\" data-start=\"2903\" data-end=\"2949\"><span style=\"color: #000000;\" role=\"text\"><strong data-start=\"2906\" data-end=\"2949\">5. Data Collection Method and Legal Grounds<\/strong><\/span><\/h5><p data-start=\"2951\" data-end=\"2967\"><span style=\"color: #000000;\">Personal data;<\/span><\/p><ul data-start=\"2969\" data-end=\"3057\"><li data-section-id=\"1ef3x81\" data-start=\"2969\" data-end=\"2992\"><span style=\"color: #000000;\">Website forms<\/span><\/li><li data-section-id=\"ooiipm\" data-start=\"2993\" data-end=\"3025\"><span style=\"color: #000000;\">Email and telephone communication<\/span><\/li><li data-section-id=\"1dfm2w5\" data-start=\"3026\" data-end=\"3057\"><span style=\"color: #000000;\">Cookies and analytics tools<\/span><\/li><\/ul><p data-start=\"3059\" data-end=\"3147\"><span style=\"color: #000000;\">and processed in accordance with Articles 5 and 6 of the LPPD.<\/span><\/p><h5 data-section-id=\"4grbpw\" data-start=\"3149\" data-end=\"3187\"><span style=\"color: #000000;\" role=\"text\"><strong data-start=\"3152\" data-end=\"3187\">6. Your Rights under KVKK<\/strong><\/span><\/h5><p data-start=\"3189\" data-end=\"3250\"><span style=\"color: #000000;\">You have the following rights under Article 11 of the LPPD:<\/span><\/p><ul data-start=\"3252\" data-end=\"3521\"><li data-section-id=\"2oipf7\" data-start=\"3252\" data-end=\"3307\"><span style=\"color: #000000;\">Learn whether your personal data is being processed<\/span><\/li><li data-section-id=\"yls5u9\" data-start=\"3308\" data-end=\"3339\"><span style=\"color: #000000;\">Request information if processed<\/span><\/li><li data-section-id=\"q9c9y1\" data-start=\"3340\" data-end=\"3393\"><span style=\"color: #000000;\">Learning whether it is used for its intended purpose<\/span><\/li><li data-section-id=\"amr00o\" data-start=\"3394\" data-end=\"3448\"><span style=\"color: #000000;\">Request correction if incomplete or incorrectly processed<\/span><\/li><li data-section-id=\"1kk64e6\" data-start=\"3449\" data-end=\"3495\"><span style=\"color: #000000;\">Request deletion or destruction<\/span><\/li><li data-section-id=\"u5vsft\" data-start=\"3496\" data-end=\"3521\"><span style=\"color: #000000;\">Objecting to transactions<\/span><\/li><\/ul><h5 data-section-id=\"lssidk\" data-start=\"3523\" data-end=\"3552\"><span style=\"color: #000000;\" role=\"text\"><strong data-start=\"3526\" data-end=\"3552\">7. Application and Contact<\/strong><\/span><\/h5><p data-start=\"3554\" data-end=\"3614\"><span style=\"color: #000000;\">You can contact us to exercise your rights:<\/span><\/p><p data-start=\"3616\" data-end=\"3813\"><span style=\"color: #000000;\"><strong data-start=\"3616\" data-end=\"3626\">Address:<\/strong> Beytepe Mah. Kanuni Sultan S\u00fcleyman Bulv. No: 14\/B3 \u00c7ankaya \/ Ankara \/ TURKEY<\/span><br data-start=\"3705\" data-end=\"3708\" \/><span style=\"color: #000000;\"><strong data-start=\"3708\" data-end=\"3720\">Phone:<\/strong> +90 312 227 0 600<\/span><br data-start=\"3738\" data-end=\"3741\" \/><span style=\"color: #000000;\"><strong data-start=\"3741\" data-end=\"3754\">WhatsApp:<\/strong> +90 536 997 2842 (ATIA)<\/span><br data-start=\"3778\" data-end=\"3781\" \/><span style=\"color: #000000;\"><strong data-start=\"3781\" data-end=\"3793\">Email:<\/strong> <a class=\"decorated-link cursor-pointer\" style=\"color: #000000;\" rel=\"noopener\" data-start=\"3794\" data-end=\"3811\">info@atiayapi.com<\/a><\/span><\/p>\t\t\t\t\t\t\t\t<\/div>\n\t\t\t\t<\/div>\n\t\t            <\/div>\r\n        <\/div>\r\n        \t\t\t<\/div>\n\t\t<\/section>\n\t\t<div class=\"elementor-element elementor-element-0f3511e e-flex e-con-boxed e-con e-parent\" data-id=\"0f3511e\" data-element_type=\"container\" data-e-type=\"container\">\t\t\t<div class=\"e-con-inner\">\r\n\t\t\t\t<div class=\"elementor-element elementor-element-d04d593 elementor-widget elementor-widget-spacer\" data-id=\"d04d593\" data-element_type=\"widget\" data-e-type=\"widget\" data-widget_type=\"spacer.default\">\n\t\t\t\t<div class=\"elementor-widget-container\">\n\t\t\t\t\t\t\t<div class=\"elementor-spacer\">\n\t\t\t<div class=\"elementor-spacer-inner\"><\/div>\n\t\t<\/div>\n\t\t\t\t\t\t<\/div>\n\t\t\t\t<\/div>\n\t\t\t\t\t<\/div>\r\n\t\t\t\t<\/div>\r\n\t\t\t\t<\/div>","protected":false},"excerpt":{"rendered":"<p>KVKK AYDINLATMA METN\u0130 6698 say\u0131l\u0131 Ki\u015fisel Verilerin Korunmas\u0131 Kanunu (\u201cKVKK\u201d) uyar\u0131nca, veri sorumlusu s\u0131fat\u0131yla Atia Yap\u0131 olarak, ki\u015fisel verileriniz a\u015fa\u011f\u0131da a\u00e7\u0131klanan kapsamda i\u015flenmektedir. 1. Veri Sorumlusu Atia Yap\u0131Adres: Beytepe Mah. Kanuni Sultan S\u00fcleyman Bulv. No: 14\/B3 \u00c7ankaya \/ Ankara \/ T\u00dcRK\u0130YE 2. \u0130\u015flenen Ki\u015fisel Veriler Kimlik bilgileri (ad, soyad) \u0130leti\u015fim bilgileri (telefon, e-posta) \u0130\u015flem g\u00fcvenli\u011fi [&hellip;]<\/p>","protected":false},"author":1,"featured_media":0,"parent":0,"menu_order":0,"comment_status":"closed","ping_status":"closed","template":"","meta":{"footnotes":""},"class_list":["post-24194","page","type-page","status-publish","hentry"],"_links":{"self":[{"href":"https:\/\/www.atiayapi.com\/en\/wp-json\/wp\/v2\/pages\/24194","targetHints":{"allow":["GET"]}}],"collection":[{"href":"https:\/\/www.atiayapi.com\/en\/wp-json\/wp\/v2\/pages"}],"about":[{"href":"https:\/\/www.atiayapi.com\/en\/wp-json\/wp\/v2\/types\/page"}],"author":[{"embeddable":true,"href":"https:\/\/www.atiayapi.com\/en\/wp-json\/wp\/v2\/users\/1"}],"replies":[{"embeddable":true,"href":"https:\/\/www.atiayapi.com\/en\/wp-json\/wp\/v2\/comments?post=24194"}],"version-history":[{"count":0,"href":"https:\/\/www.atiayapi.com\/en\/wp-json\/wp\/v2\/pages\/24194\/revisions"}],"wp:attachment":[{"href":"https:\/\/www.atiayapi.com\/en\/wp-json\/wp\/v2\/media?parent=24194"}],"curies":[{"name":"wp","href":"https:\/\/api.w.org\/{rel}","templated":true}]}}