{"id":24174,"date":"2026-04-09T20:01:00","date_gmt":"2026-04-09T17:01:00","guid":{"rendered":"https:\/\/www.atiayapi.com\/?page_id=24174"},"modified":"2026-04-18T02:23:58","modified_gmt":"2026-04-17T23:23:58","slug":"privacy-policy","status":"publish","type":"page","link":"https:\/\/www.atiayapi.com\/en\/gizlilik-politikasi\/","title":{"rendered":"Privacy Policy"},"content":{"rendered":"<div data-elementor-type=\"wp-page\" data-elementor-id=\"24174\" class=\"elementor elementor-24174\" data-elementor-post-type=\"page\">\n\t\t\t\t        <section class=\"elementor-section elementor-top-section elementor-element elementor-element-f5d5d90 elementor-section-stretched elementor-section-boxed elementor-section-height-default elementor-section-height-default pxl-row-scroll-none pxl-zoom-point-false pxl-section-overflow-visible pxl-section-fix-none pxl_parallax_bg_img_noise-none pxl-bg-color-none pxl-section-overlay-none\" data-id=\"f5d5d90\" data-element_type=\"section\" data-e-type=\"section\" data-settings=\"{&quot;stretch_section&quot;:&quot;section-stretched&quot;}\">\n\n                \n                <div class=\"elementor-container elementor-column-gap-extended\">\n                <div class=\"elementor-column elementor-col-100 elementor-top-column elementor-element elementor-element-2abfbed pxl-column-none pxl-column-overflow-hidden-no pxl-column-zoom-no\" data-id=\"2abfbed\" data-element_type=\"column\" data-e-type=\"column\">\r\n        <div class=\"elementor-widget-wrap elementor-element-populated\">\r\n                     \r\n        \t\t<div class=\"elementor-element elementor-element-1c2c1b8 elementor-widget elementor-widget-pxl_heading\" data-id=\"1c2c1b8\" data-element_type=\"widget\" data-e-type=\"widget\" data-widget_type=\"pxl_heading.default\">\n\t\t\t\t<div class=\"elementor-widget-container\">\n\t\t\t\t\t\n<div id=\"pxl-pxl_heading-1c2c1b8-5737\" class=\"pxl-heading px-sub-title-default style-default-style\">\n\t<div class=\"pxl-heading--inner\">\n\t\t\n\t\t<h3 class=\"pxl-item--title pxl-split-text style-default  highlight-default split-in-right\" data-wow-delay=\"ms\">\n\t\t\t\t\tPRIVACY POLICY\t\n\t\t\t\n\t\t<\/h3>\n\n\t<\/div>\n<\/div>\t\t\t\t<\/div>\n\t\t\t\t<\/div>\n\t\t\t\t<div class=\"elementor-element elementor-element-0d72310 elementor-widget elementor-widget-text-editor\" data-id=\"0d72310\" data-element_type=\"widget\" data-e-type=\"widget\" data-widget_type=\"text-editor.default\">\n\t\t\t\t<div class=\"elementor-widget-container\">\n\t\t\t\t\t\t\t\t\t<p data-start=\"159\" data-end=\"388\"><span style=\"color: #000000;\">As Atia Yap\u0131, we attach great importance to the privacy of our visitors. This privacy policy explains what information is collected when you visit the atiayapi.com website, how it is used and how it is protected.<\/span><\/p><h5 data-section-id=\"hbiki8\" data-start=\"390\" data-end=\"414\"><strong><span style=\"color: #000000;\" role=\"text\">Information Collected<\/span><\/strong><\/h5><p data-start=\"416\" data-end=\"481\"><span style=\"color: #000000;\">The following information may be collected when you visit our website:<\/span><\/p><ul data-start=\"483\" data-end=\"643\"><li data-section-id=\"1wfyy1t\" data-start=\"483\" data-end=\"496\"><span style=\"color: #000000;\">Name, surname<\/span><\/li><li data-section-id=\"b6bu1d\" data-start=\"497\" data-end=\"517\"><span style=\"color: #000000;\">Telephone number<\/span><\/li><li data-section-id=\"1xq9g1d\" data-start=\"518\" data-end=\"536\"><span style=\"color: #000000;\">Email address<\/span><\/li><li data-section-id=\"yoijyx\" data-start=\"537\" data-end=\"550\"><span style=\"color: #000000;\">IP address<\/span><\/li><li data-section-id=\"m81mat\" data-start=\"551\" data-end=\"582\"><span style=\"color: #000000;\">Scanner and device information<\/span><\/li><li data-section-id=\"104qmgf\" data-start=\"583\" data-end=\"643\"><span style=\"color: #000000;\">Site usage data (pages visited, duration, etc.)<\/span><\/li><\/ul><h5 data-section-id=\"qdqarw\" data-start=\"645\" data-end=\"672\"><span style=\"color: #000000;\" role=\"text\"><strong data-start=\"648\" data-end=\"672\">Use of Information<\/strong><\/span><\/h5><p data-start=\"674\" data-end=\"721\"><span style=\"color: #000000;\">The collected data is used for the following purposes:<\/span><\/p><ul data-start=\"723\" data-end=\"904\"><li data-section-id=\"1dl5564\" data-start=\"723\" data-end=\"758\"><span style=\"color: #000000;\">Providing information about services<\/span><\/li><li data-section-id=\"1mkuzxf\" data-start=\"759\" data-end=\"792\"><span style=\"color: #000000;\">Providing offers and feedback<\/span><\/li><li data-section-id=\"mppr2w\" data-start=\"793\" data-end=\"825\"><span style=\"color: #000000;\">Conducting customer communication<\/span><\/li><li data-section-id=\"19b85wk\" data-start=\"826\" data-end=\"863\"><span style=\"color: #000000;\">Enhancing the website experience<\/span><\/li><li data-section-id=\"4cnl3e\" data-start=\"864\" data-end=\"904\"><span style=\"color: #000000;\">Fulfill legal obligations<\/span><\/li><\/ul><h5 data-section-id=\"1e4s9uv\" data-start=\"906\" data-end=\"931\"><span style=\"color: #000000;\" role=\"text\"><strong data-start=\"909\" data-end=\"931\">Cookies<\/strong><\/span><\/h5><p data-start=\"933\" data-end=\"1094\"><span style=\"color: #000000;\">Cookies are used on our website to improve user experience. Cookies are small data files that are saved on your device through your browser.<\/span><\/p><p data-start=\"1096\" data-end=\"1158\"><span style=\"color: #000000;\">You can disable cookies in your browser settings.<\/span><\/p><h5 data-section-id=\"1v0w36g\" data-start=\"1160\" data-end=\"1181\"><span style=\"color: #000000;\" role=\"text\"><strong data-start=\"1163\" data-end=\"1181\">Data Security<\/strong><\/span><\/h5><p data-start=\"1183\" data-end=\"1248\"><span style=\"color: #000000;\">The security of your personal data is important to us. For this reason<\/span><\/p><ul data-start=\"1250\" data-end=\"1387\"><li data-section-id=\"h1ithw\" data-start=\"1250\" data-end=\"1299\"><span style=\"color: #000000;\">Technical measures are taken against unauthorized access<\/span><\/li><li data-section-id=\"1adhrsg\" data-start=\"1300\" data-end=\"1340\"><span style=\"color: #000000;\">Data is stored on secure servers<\/span><\/li><li data-section-id=\"1wqfy15\" data-start=\"1341\" data-end=\"1387\"><span style=\"color: #000000;\">No unauthorized sharing with third parties<\/span><\/li><\/ul><h5 data-section-id=\"1gcu85r\" data-start=\"1389\" data-end=\"1418\"><span style=\"color: #000000;\" role=\"text\"><strong data-start=\"1392\" data-end=\"1418\">Third Party Services<\/strong><\/span><\/h5><p data-start=\"1420\" data-end=\"1574\"><span style=\"color: #000000;\">Analytics tools such as Google Analytics may be used on our website. These tools help us analyze site performance by collecting anonymous data.<\/span><\/p><h5 data-section-id=\"1qltfi2\" data-start=\"1576\" data-end=\"1591\"><span style=\"color: #000000;\" role=\"text\"><strong data-start=\"1579\" data-end=\"1591\">Contact<\/strong><\/span><\/h5><p data-start=\"1593\" data-end=\"1675\"><span style=\"color: #000000;\">You can contact us for any questions regarding our privacy policy:<\/span><\/p><p data-start=\"1677\" data-end=\"1874\"><span style=\"color: #000000;\"><strong data-start=\"1677\" data-end=\"1687\">Address:<\/strong> Beytepe Mah. Kanuni Sultan S\u00fcleyman Bulv. No: 14\/B3 \u00c7ankaya \/ Ankara \/ TURKEY<\/span><br data-start=\"1766\" data-end=\"1769\" \/><span style=\"color: #000000;\"><strong data-start=\"1769\" data-end=\"1781\">Phone:<\/strong> +90 312 227 0 600<\/span><br data-start=\"1799\" data-end=\"1802\" \/><span style=\"color: #000000;\"><strong data-start=\"1802\" data-end=\"1815\">WhatsApp:<\/strong> +90 536 997 2842 (ATIA)<\/span><br data-start=\"1839\" data-end=\"1842\" \/><span style=\"color: #000000;\"><strong data-start=\"1842\" data-end=\"1854\">Email:<\/strong> <a class=\"decorated-link cursor-pointer\" style=\"color: #000000;\" rel=\"noopener\" data-start=\"1855\" data-end=\"1872\">info@atiayapi.com<\/a><\/span><\/p>\t\t\t\t\t\t\t\t<\/div>\n\t\t\t\t<\/div>\n\t\t            <\/div>\r\n        <\/div>\r\n        \t\t\t<\/div>\n\t\t<\/section>\n\t\t<div class=\"elementor-element elementor-element-0f3511e e-flex e-con-boxed e-con e-parent\" data-id=\"0f3511e\" data-element_type=\"container\" data-e-type=\"container\">\t\t\t<div class=\"e-con-inner\">\r\n\t\t\t\t<div class=\"elementor-element elementor-element-d04d593 elementor-widget elementor-widget-spacer\" data-id=\"d04d593\" data-element_type=\"widget\" data-e-type=\"widget\" data-widget_type=\"spacer.default\">\n\t\t\t\t<div class=\"elementor-widget-container\">\n\t\t\t\t\t\t\t<div class=\"elementor-spacer\">\n\t\t\t<div class=\"elementor-spacer-inner\"><\/div>\n\t\t<\/div>\n\t\t\t\t\t\t<\/div>\n\t\t\t\t<\/div>\n\t\t\t\t\t<\/div>\r\n\t\t\t\t<\/div>\r\n\t\t\t\t<\/div>","protected":false},"excerpt":{"rendered":"<p>G\u0130ZL\u0130L\u0130K POL\u0130T\u0130KASI Atia Yap\u0131 olarak, ziyaret\u00e7ilerimizin gizlili\u011fine b\u00fcy\u00fck \u00f6nem veriyoruz. Bu gizlilik politikas\u0131, atiayapi.com web sitesini ziyaret etti\u011finizde hangi bilgilerin topland\u0131\u011f\u0131n\u0131, nas\u0131l kullan\u0131ld\u0131\u011f\u0131n\u0131 ve nas\u0131l korundu\u011funu a\u00e7\u0131klamaktad\u0131r. Toplanan Bilgiler Web sitemizi ziyaret etti\u011finizde a\u015fa\u011f\u0131daki bilgiler toplanabilir: Ad, soyad Telefon numaras\u0131 E-posta adresi IP adresi Taray\u0131c\u0131 ve cihaz bilgileri Site kullan\u0131m verileri (ziyaret edilen sayfalar, s\u00fcre [&hellip;]<\/p>","protected":false},"author":1,"featured_media":0,"parent":0,"menu_order":0,"comment_status":"closed","ping_status":"closed","template":"","meta":{"footnotes":""},"class_list":["post-24174","page","type-page","status-publish","hentry"],"_links":{"self":[{"href":"https:\/\/www.atiayapi.com\/en\/wp-json\/wp\/v2\/pages\/24174","targetHints":{"allow":["GET"]}}],"collection":[{"href":"https:\/\/www.atiayapi.com\/en\/wp-json\/wp\/v2\/pages"}],"about":[{"href":"https:\/\/www.atiayapi.com\/en\/wp-json\/wp\/v2\/types\/page"}],"author":[{"embeddable":true,"href":"https:\/\/www.atiayapi.com\/en\/wp-json\/wp\/v2\/users\/1"}],"replies":[{"embeddable":true,"href":"https:\/\/www.atiayapi.com\/en\/wp-json\/wp\/v2\/comments?post=24174"}],"version-history":[{"count":0,"href":"https:\/\/www.atiayapi.com\/en\/wp-json\/wp\/v2\/pages\/24174\/revisions"}],"wp:attachment":[{"href":"https:\/\/www.atiayapi.com\/en\/wp-json\/wp\/v2\/media?parent=24174"}],"curies":[{"name":"wp","href":"https:\/\/api.w.org\/{rel}","templated":true}]}}