{"id":207,"date":"2024-08-30T16:23:26","date_gmt":"2024-08-30T16:23:26","guid":{"rendered":"https:\/\/demo.casethemes.net\/maiko\/?page_id=207"},"modified":"2026-04-18T02:24:18","modified_gmt":"2026-04-17T23:24:18","slug":"about-us","status":"publish","type":"page","link":"https:\/\/www.atiayapi.com\/en\/hakkimizda\/","title":{"rendered":"About Us"},"content":{"rendered":"<div data-elementor-type=\"wp-page\" data-elementor-id=\"207\" class=\"elementor elementor-207\" data-elementor-post-type=\"page\">\n\t\t\t\t        <section class=\"elementor-section elementor-top-section elementor-element elementor-element-1a3df8c elementor-section-stretched elementor-section-boxed elementor-section-height-default elementor-section-height-default pxl-row-scroll-none pxl-zoom-point-false pxl-section-overflow-visible pxl-section-fix-none pxl_parallax_bg_img_noise-none pxl-bg-color-none pxl-section-overlay-none\" data-id=\"1a3df8c\" data-element_type=\"section\" data-e-type=\"section\" data-settings=\"{&quot;stretch_section&quot;:&quot;section-stretched&quot;}\">\n\n                \n                <div class=\"elementor-container elementor-column-gap-extended\">\n                <div class=\"elementor-column elementor-col-100 elementor-top-column elementor-element elementor-element-10adbc8 pxl-column-none pxl-column-overflow-hidden-no pxl-column-zoom-no\" data-id=\"10adbc8\" data-element_type=\"column\" data-e-type=\"column\">\r\n        <div class=\"elementor-widget-wrap elementor-element-populated\">\r\n                     \r\n        \t\t<div class=\"elementor-element elementor-element-067e3b1 elementor-widget elementor-widget-pxl_heading\" data-id=\"067e3b1\" data-element_type=\"widget\" data-e-type=\"widget\" data-widget_type=\"pxl_heading.default\">\n\t\t\t\t<div class=\"elementor-widget-container\">\n\t\t\t\t\t\n<div id=\"pxl-pxl_heading-067e3b1-9545\" class=\"pxl-heading px-sub-title-default style-default-style\">\n\t<div class=\"pxl-heading--inner\">\n\t\t\n\t\t<h3 class=\"pxl-item--title pxl-split-text style-default  highlight-default split-in-right\" data-wow-delay=\"ms\">\n\t\t\t\t\tA structure that combines design with meaning\t\n\t\t\t\n\t\t<\/h3>\n\n\t<\/div>\n<\/div>\t\t\t\t<\/div>\n\t\t\t\t<\/div>\n\t\t            <\/div>\r\n        <\/div>\r\n        \t\t\t<\/div>\n\t\t<\/section>\n\t\t        <section class=\"elementor-section elementor-top-section elementor-element elementor-element-52d0d7f elementor-section-stretched elementor-section-boxed elementor-section-height-default elementor-section-height-default pxl-row-scroll-none pxl-zoom-point-false pxl-section-overflow-visible pxl-section-fix-none pxl_parallax_bg_img_noise-none pxl-bg-color-none pxl-section-overlay-none\" data-id=\"52d0d7f\" data-element_type=\"section\" data-e-type=\"section\" data-settings=\"{&quot;stretch_section&quot;:&quot;section-stretched&quot;}\">\n\n                \n                <div class=\"elementor-container elementor-column-gap-extended\">\n                <div class=\"elementor-column elementor-col-50 elementor-top-column elementor-element elementor-element-23309aa pxl-column-none pxl-column-overflow-hidden-no pxl-column-zoom-no\" data-id=\"23309aa\" data-element_type=\"column\" data-e-type=\"column\">\r\n        <div class=\"elementor-widget-wrap elementor-element-populated\">\r\n                     \r\n        \t\t<div class=\"elementor-element elementor-element-59f3704 elementor-widget elementor-widget-pxl_image\" data-id=\"59f3704\" data-element_type=\"widget\" data-e-type=\"widget\" data-widget_type=\"pxl_image.default\">\n\t\t\t\t<div class=\"elementor-widget-container\">\n\t\t\t\t\t<div id=\"pxl_image-59f3704-6049\" class=\"pxl-image-single df pxl-disable-parallax-sm pxl-hide-sr-lg\" data-wow-delay=\"ms\"  >\r\n    <div class=\"pxl-item--inner\" data-wow-delay=\"120ms\" >\r\n    \r\n            <div class=\"pxl-item--image df move-from-left\" data-wow-delay=\"ms\" data-parallax-value=\"\">\r\n                        <img fetchpriority=\"high\" decoding=\"async\" width=\"1000\" height=\"1300\" src=\"https:\/\/www.atiayapi.com\/wp-content\/uploads\/2026\/04\/atia-hki1.jpg\" class=\"no-lazyload attachment-full\" alt=\"\" \/>                    <\/div>\r\n        \r\n<\/div>\r\n<\/div>\t\t\t\t<\/div>\n\t\t\t\t<\/div>\n\t\t            <\/div>\r\n        <\/div>\r\n                <div class=\"elementor-column elementor-col-50 elementor-top-column elementor-element elementor-element-d547f24 pxl-column-none pxl-column-overflow-hidden-no pxl-column-zoom-no\" data-id=\"d547f24\" data-element_type=\"column\" data-e-type=\"column\">\r\n        <div class=\"elementor-widget-wrap elementor-element-populated\">\r\n                     \r\n        \t\t<div class=\"elementor-element elementor-element-03dfffa elementor-widget elementor-widget-heading\" data-id=\"03dfffa\" data-element_type=\"widget\" data-e-type=\"widget\" data-widget_type=\"heading.default\">\n\t\t\t\t<div class=\"elementor-widget-container\">\n\t\t\t\t\t<h1 class=\"elementor-heading-title elementor-size-default\">Foundation Story<\/h1>\t\t\t\t<\/div>\n\t\t\t\t<\/div>\n\t\t\t\t<div class=\"elementor-element elementor-element-d29599b elementor-widget elementor-widget-pxl_text_editor\" data-id=\"d29599b\" data-element_type=\"widget\" data-e-type=\"widget\" data-widget_type=\"pxl_text_editor.default\">\n\t\t\t\t<div class=\"elementor-widget-container\">\n\t\t\t\t\t<div class=\"pxl-text-editor pxl-split-text split-lines-transform\">\n\t<div class=\"pxl-item--inner\" data-wow-delay=\"ms\">\n\t\t\t<p><span style=\"color: #000000\">Atia Yap\u0131 is a family company that takes its roots from Atia Ah\u015fap, founded in 1997. Our journey, which started with Atia Ah\u015fap, which realized special projects, moved to a new dimension with the establishment of Atia Yap\u0131 in 2024. Atia Yap\u0131 and Atia Ah\u015fap are moving forward together as two structures that support each other and add value to architecture and design. In our showroom in Beytepe, we bring together many world brands from Scavolini kitchen systems to Gaggenau and Smeg built-in solutions, from furniture brands such as Cattelan Italia and Varaschin to ceramic giants such as Emil Group and Marca Corona. Our aim is not only to offer products, but also to bring a selected vision and understanding of design to living spaces.<\/span><\/p>\t\n\t<\/div>\n<\/div>\n\n<script>\njQuery(document).ready(function($) {\n    let $pageTitleElement = $('#pxl-page-title-elementor');\n\n    if ($pageTitleElement.length) {\n        let sgPostDesText = ``;\n        $pageTitleElement.find('.pxl-item--inner').html(sgPostDesText);\n    }\n});\n<\/script>\n\n\n\t\t\t\t<\/div>\n\t\t\t\t<\/div>\n\t\t\t\t<div class=\"elementor-element elementor-element-947da6b elementor-widget elementor-widget-pxl_text_editor\" data-id=\"947da6b\" data-element_type=\"widget\" data-e-type=\"widget\" data-widget_type=\"pxl_text_editor.default\">\n\t\t\t\t<div class=\"elementor-widget-container\">\n\t\t\t\t\t<div class=\"pxl-text-editor pxl-split-text split-lines-transform\">\n\t<div class=\"pxl-item--inner\" data-wow-delay=\"ms\">\n\t\t\t<p><span style=\"color: #000000\"><strong>Our vision<\/strong><\/span><\/p><p><span style=\"color: #000000\">To bring aesthetics and function to architectural projects by bringing global design brands that add value to living spaces to Turkey.<\/span><\/p><p><span style=\"color: #000000\"><strong>Our Mission:<br \/><\/strong>To produce solutions that inspire architects, interior designers and end users by presenting products selected from a curatorial perspective.<\/span><\/p>\t\n\t<\/div>\n<\/div>\n\n<script>\njQuery(document).ready(function($) {\n    let $pageTitleElement = $('#pxl-page-title-elementor');\n\n    if ($pageTitleElement.length) {\n        let sgPostDesText = ``;\n        $pageTitleElement.find('.pxl-item--inner').html(sgPostDesText);\n    }\n});\n<\/script>\n\n\n\t\t\t\t<\/div>\n\t\t\t\t<\/div>\n\t\t            <\/div>\r\n        <\/div>\r\n        \t\t\t<\/div>\n\t\t<\/section>\n\t\t        <section class=\"elementor-section elementor-top-section elementor-element elementor-element-f5d5d90 elementor-section-stretched elementor-section-boxed elementor-section-height-default elementor-section-height-default pxl-row-scroll-none pxl-zoom-point-false pxl-section-overflow-visible pxl-section-fix-none pxl_parallax_bg_img_noise-none pxl-bg-color-none pxl-section-overlay-none\" data-id=\"f5d5d90\" data-element_type=\"section\" data-e-type=\"section\" data-settings=\"{&quot;stretch_section&quot;:&quot;section-stretched&quot;}\">\n\n                \n                <div class=\"elementor-container elementor-column-gap-extended\">\n                <div class=\"elementor-column elementor-col-100 elementor-top-column elementor-element elementor-element-2abfbed pxl-column-none pxl-column-overflow-hidden-no pxl-column-zoom-no\" data-id=\"2abfbed\" data-element_type=\"column\" data-e-type=\"column\">\r\n        <div class=\"elementor-widget-wrap elementor-element-populated\">\r\n                     \r\n        \t\t<div class=\"elementor-element elementor-element-1c2c1b8 elementor-widget elementor-widget-pxl_heading\" data-id=\"1c2c1b8\" data-element_type=\"widget\" data-e-type=\"widget\" data-widget_type=\"pxl_heading.default\">\n\t\t\t\t<div class=\"elementor-widget-container\">\n\t\t\t\t\t\n<div id=\"pxl-pxl_heading-1c2c1b8-2772\" class=\"pxl-heading px-sub-title-default style-default-style\">\n\t<div class=\"pxl-heading--inner\">\n\t\t\n\t\t<h3 class=\"pxl-item--title pxl-split-text style-default  highlight-default split-in-right\" data-wow-delay=\"ms\">\n\t\t\t\t\tWhy Atia Yapi?\t\n\t\t\t\n\t\t<\/h3>\n\n\t<\/div>\n<\/div>\t\t\t\t<\/div>\n\t\t\t\t<\/div>\n\t\t\t\t<div class=\"elementor-element elementor-element-0d72310 elementor-widget elementor-widget-text-editor\" data-id=\"0d72310\" data-element_type=\"widget\" data-e-type=\"widget\" data-widget_type=\"text-editor.default\">\n\t\t\t\t<div class=\"elementor-widget-container\">\n\t\t\t\t\t\t\t\t\t<p data-start=\"20\" data-end=\"427\"><span style=\"color: #000000;\">Atia Yap\u0131 is a solution partner that keeps aesthetics and functionality on the same scale, making the work of architects and interior designers easier. It makes a difference with its strong relationships with distinguished global brands, project-specific product solutions and curation-oriented showroom approach. For us, good design is not just about looking good; it is about offering the right material and the right solution that fits seamlessly with the project, the space and the details.<\/span><\/p><ul><li data-start=\"431\" data-end=\"609\"><span style=\"color: #000000;\"><strong data-start=\"431\" data-end=\"458\">Distinguished global brands:<\/strong> We work with brands that meet global quality standards - ensuring a trusted reference and long-lasting performance in your projects.<\/span><\/li><li data-start=\"612\" data-end=\"764\"><span style=\"color: #000000;\"><strong data-start=\"612\" data-end=\"645\">Support for architects and interior designers:<\/strong> We accelerate your design process with technical consultancy, sample supply and rapid procurement according to project requirements.<\/span><\/li><li data-start=\"767\" data-end=\"931\"><span style=\"color: #000000;\"><strong data-start=\"767\" data-end=\"810\">Showroom experience with a curation approach:<\/strong> We do not display products randomly; we clarify your decision-making process with a selection that fits the spirit of the space and the architectural language.<\/span><\/li><li data-start=\"934\" data-end=\"1108\"><span style=\"color: #000000;\"><strong data-start=\"934\" data-end=\"970\">A balance between aesthetics and function:<\/strong> Visual appeal alone is not enough - the choice of material must meet both aesthetic and performance expectations. We observe this balance.<\/span><\/li><li data-start=\"1111\" data-end=\"1271\"><span style=\"color: #000000;\"><strong data-start=\"1111\" data-end=\"1152\">Product scale compatible with architectural details:<\/strong> We offer products that do not drown in details, but rather emphasize the architectural intention; harmony is our priority from coating to hardware.<\/span><\/li><\/ul><p data-start=\"1273\" data-end=\"1426\" data-is-last-node=\"\" data-is-only-node=\"\"><span style=\"color: #000000;\">Working with Atia Yap\u0131 means adding both prestige and durability to your projects. Let's talk about your project, let's get your idea, let's strengthen it with our solution.<\/span><\/p>\t\t\t\t\t\t\t\t<\/div>\n\t\t\t\t<\/div>\n\t\t            <\/div>\r\n        <\/div>\r\n        \t\t\t<\/div>\n\t\t<\/section>\n\t\t        <section class=\"elementor-section elementor-top-section elementor-element elementor-element-e8f12b7 elementor-section-stretched elementor-section-boxed elementor-section-height-default elementor-section-height-default pxl-row-scroll-none pxl-zoom-point-false pxl-section-overflow-visible pxl-section-fix-none pxl_parallax_bg_img_noise-none pxl-bg-color-none pxl-section-overlay-none\" data-id=\"e8f12b7\" data-element_type=\"section\" data-e-type=\"section\" data-settings=\"{&quot;stretch_section&quot;:&quot;section-stretched&quot;,&quot;background_background&quot;:&quot;classic&quot;}\">\n\n                \n                <div class=\"elementor-container elementor-column-gap-extended\">\n                <div class=\"elementor-column elementor-col-100 elementor-top-column elementor-element elementor-element-81268f5 pxl-column-none pxl-column-overflow-hidden-no pxl-column-zoom-no\" data-id=\"81268f5\" data-element_type=\"column\" data-e-type=\"column\">\r\n        <div class=\"elementor-widget-wrap elementor-element-populated\">\r\n                     \r\n        \t\t<div class=\"elementor-element elementor-element-f4cd5ee elementor-widget elementor-widget-text-editor\" data-id=\"f4cd5ee\" data-element_type=\"widget\" data-e-type=\"widget\" data-widget_type=\"text-editor.default\">\n\t\t\t\t<div class=\"elementor-widget-container\">\n\t\t\t\t\t\t\t\t\t<h4><span style=\"color: #ffffff;\">Space gains character with the right material.<\/span><\/h4>\t\t\t\t\t\t\t\t<\/div>\n\t\t\t\t<\/div>\n\t\t            <\/div>\r\n        <\/div>\r\n        \t\t\t<\/div>\n\t\t<\/section>\n\t\t<div class=\"elementor-element elementor-element-0f3511e e-flex e-con-boxed e-con e-parent\" data-id=\"0f3511e\" data-element_type=\"container\" data-e-type=\"container\">\t\t\t<div class=\"e-con-inner\">\r\n\t\t\t\t<div class=\"elementor-element elementor-element-d04d593 elementor-widget elementor-widget-spacer\" data-id=\"d04d593\" data-element_type=\"widget\" data-e-type=\"widget\" data-widget_type=\"spacer.default\">\n\t\t\t\t<div class=\"elementor-widget-container\">\n\t\t\t\t\t\t\t<div class=\"elementor-spacer\">\n\t\t\t<div class=\"elementor-spacer-inner\"><\/div>\n\t\t<\/div>\n\t\t\t\t\t\t<\/div>\n\t\t\t\t<\/div>\n\t\t\t\t\t<\/div>\r\n\t\t\t\t<\/div>\r\n\t\t\t\t<\/div>","protected":false},"excerpt":{"rendered":"<p>Tasar\u0131m\u0131 anlamla bulu\u015fturan bir yap\u0131 Kurulu\u015f Hikayesi Atia Yap\u0131, k\u00f6klerini 1997 y\u0131l\u0131nda kurulan Atia Ah\u015fap\u2019tan alan bir aile \u015firketidir. \u00d6zel projelere imza atan Atia Ah\u015fap ile ba\u015flayan yolculu\u011fumuz, 2024 y\u0131l\u0131nda Atia Yap\u0131\u2019n\u0131n kurulmas\u0131yla yeni bir boyuta ta\u015f\u0131nd\u0131. Atia Yap\u0131 ve Atia Ah\u015fap, birbirini destekleyen, mimariye ve tasar\u0131ma de\u011fer katan iki yap\u0131 olarak birlikte ilerlemektedir. Beytepe\u2019deki [&hellip;]<\/p>","protected":false},"author":1,"featured_media":0,"parent":0,"menu_order":0,"comment_status":"closed","ping_status":"closed","template":"","meta":{"footnotes":""},"class_list":["post-207","page","type-page","status-publish","hentry"],"_links":{"self":[{"href":"https:\/\/www.atiayapi.com\/en\/wp-json\/wp\/v2\/pages\/207","targetHints":{"allow":["GET"]}}],"collection":[{"href":"https:\/\/www.atiayapi.com\/en\/wp-json\/wp\/v2\/pages"}],"about":[{"href":"https:\/\/www.atiayapi.com\/en\/wp-json\/wp\/v2\/types\/page"}],"author":[{"embeddable":true,"href":"https:\/\/www.atiayapi.com\/en\/wp-json\/wp\/v2\/users\/1"}],"replies":[{"embeddable":true,"href":"https:\/\/www.atiayapi.com\/en\/wp-json\/wp\/v2\/comments?post=207"}],"version-history":[{"count":0,"href":"https:\/\/www.atiayapi.com\/en\/wp-json\/wp\/v2\/pages\/207\/revisions"}],"wp:attachment":[{"href":"https:\/\/www.atiayapi.com\/en\/wp-json\/wp\/v2\/media?parent=207"}],"curies":[{"name":"wp","href":"https:\/\/api.w.org\/{rel}","templated":true}]}}