{"id":1306,"date":"2024-09-20T01:19:35","date_gmt":"2024-09-20T01:19:35","guid":{"rendered":"https:\/\/demo.casethemes.net\/maiko\/?page_id=1306"},"modified":"2026-04-18T15:03:30","modified_gmt":"2026-04-18T12:03:30","slug":"contact","status":"publish","type":"page","link":"https:\/\/www.atiayapi.com\/en\/iletisim\/","title":{"rendered":"Contact"},"content":{"rendered":"<div data-elementor-type=\"wp-page\" data-elementor-id=\"1306\" class=\"elementor elementor-1306\" data-elementor-post-type=\"page\">\n\t\t\t\t        <section class=\"elementor-section elementor-top-section elementor-element elementor-element-63ab260 elementor-section-stretched elementor-section-full_width elementor-section-height-default elementor-section-height-default pxl-row-scroll-none pxl-zoom-point-false pxl-section-overflow-visible pxl-section-fix-none pxl_parallax_bg_img_noise-none pxl-full-content-with-space-none pxl-bg-color-none pxl-section-overlay-none\" data-id=\"63ab260\" data-element_type=\"section\" data-e-type=\"section\" data-settings=\"{&quot;stretch_section&quot;:&quot;section-stretched&quot;}\">\n\n                            <div class=\"elementor-background-overlay\"><\/div>\n            \n                <div class=\"elementor-container elementor-column-gap-no\">\n                <div class=\"elementor-column elementor-col-100 elementor-top-column elementor-element elementor-element-6aaa603 pxl-column-none pxl-column-overflow-hidden-no pxl-column-zoom-no\" data-id=\"6aaa603\" data-element_type=\"column\" data-e-type=\"column\" data-settings=\"{&quot;background_background&quot;:&quot;classic&quot;}\">\r\n        <div class=\"elementor-widget-wrap elementor-element-populated\">\r\n                     \r\n        \t\t<div class=\"elementor-element elementor-element-ec749c4 elementor-widget elementor-widget-pxl_heading\" data-id=\"ec749c4\" data-element_type=\"widget\" data-e-type=\"widget\" data-widget_type=\"pxl_heading.default\">\n\t\t\t\t<div class=\"elementor-widget-container\">\n\t\t\t\t\t\n<div id=\"pxl-pxl_heading-ec749c4-6513\" class=\"pxl-heading px-sub-title-default style-default-style\">\n\t<div class=\"pxl-heading--inner\">\n\t\t\n\t\t<h3 class=\"pxl-item--title  style-default  highlight-default\" data-wow-delay=\"ms\">\n\t\t\t\t\tContact us\t\n\t\t\t\n\t\t<\/h3>\n\n\t<\/div>\n<\/div>\t\t\t\t<\/div>\n\t\t\t\t<\/div>\n\t\t\t\t<div class=\"elementor-element elementor-element-30bfc82 elementor-widget elementor-widget-spacer\" data-id=\"30bfc82\" data-element_type=\"widget\" data-e-type=\"widget\" data-widget_type=\"spacer.default\">\n\t\t\t\t<div class=\"elementor-widget-container\">\n\t\t\t\t\t\t\t<div class=\"elementor-spacer\">\n\t\t\t<div class=\"elementor-spacer-inner\"><\/div>\n\t\t<\/div>\n\t\t\t\t\t\t<\/div>\n\t\t\t\t<\/div>\n\t\t<div class=\"elementor-element elementor-element-f7dc83a e-flex e-con-boxed e-con e-parent\" data-id=\"f7dc83a\" data-element_type=\"container\" data-e-type=\"container\">\t\t\t<div class=\"e-con-inner\">\r\n\t\t\t\t<div class=\"elementor-element elementor-element-7af3dde elementor-widget elementor-widget-pxl_text_editor\" data-id=\"7af3dde\" data-element_type=\"widget\" data-e-type=\"widget\" data-widget_type=\"pxl_text_editor.default\">\n\t\t\t\t<div class=\"elementor-widget-container\">\n\t\t\t\t\t<div class=\"pxl-text-editor\">\n\t<div class=\"pxl-item--inner\" data-wow-delay=\"ms\">\n\t\t\t<p><span style=\"color: #000000\">You can contact us for any questions, project requests or showroom visits. You can schedule private meetings for architects, interior designers and project developers.<\/span><\/p>\t\n\t<\/div>\n<\/div>\n\n<script>\njQuery(document).ready(function($) {\n    let $pageTitleElement = $('#pxl-page-title-elementor');\n\n    if ($pageTitleElement.length) {\n        let sgPostDesText = ``;\n        $pageTitleElement.find('.pxl-item--inner').html(sgPostDesText);\n    }\n});\n<\/script>\n\n\n\t\t\t\t<\/div>\n\t\t\t\t<\/div>\n\t\t\t\t<div class=\"elementor-element elementor-element-9e10e2a elementor-widget elementor-widget-spacer\" data-id=\"9e10e2a\" data-element_type=\"widget\" data-e-type=\"widget\" data-widget_type=\"spacer.default\">\n\t\t\t\t<div class=\"elementor-widget-container\">\n\t\t\t\t\t\t\t<div class=\"elementor-spacer\">\n\t\t\t<div class=\"elementor-spacer-inner\"><\/div>\n\t\t<\/div>\n\t\t\t\t\t\t<\/div>\n\t\t\t\t<\/div>\n\t\t\t\t\t<\/div>\r\n\t\t\t\t<\/div>\r\n\t\t        <section class=\"elementor-section elementor-inner-section elementor-element elementor-element-4f47273 elementor-section-boxed elementor-section-height-default elementor-section-height-default pxl-row-scroll-none pxl-zoom-point-false pxl-section-overflow-visible pxl-section-fix-none pxl_parallax_bg_img_noise-none pxl-bg-color-none pxl-section-overlay-none\" data-id=\"4f47273\" data-element_type=\"section\" data-e-type=\"section\">\n\n                \n                <div class=\"elementor-container elementor-column-gap-default\">\n                <div class=\"elementor-column elementor-col-50 elementor-inner-column elementor-element elementor-element-7eda39e pxl-column-none pxl-column-overflow-hidden-no pxl-column-zoom-no\" data-id=\"7eda39e\" data-element_type=\"column\" data-e-type=\"column\">\r\n        <div class=\"elementor-widget-wrap elementor-element-populated\">\r\n                     \r\n        \t\t<div class=\"elementor-element elementor-element-4e83848 elementor-widget elementor-widget-pxl_heading\" data-id=\"4e83848\" data-element_type=\"widget\" data-e-type=\"widget\" data-widget_type=\"pxl_heading.default\">\n\t\t\t\t<div class=\"elementor-widget-container\">\n\t\t\t\t\t\n<div id=\"pxl-pxl_heading-4e83848-1056\" class=\"pxl-heading px-sub-title-default style-default-style\">\n\t<div class=\"pxl-heading--inner\">\n\t\t\n\t\t<h3 class=\"pxl-item--title pxl-split-text style-default  highlight-default split-in-right\" data-wow-delay=\"ms\">\n\t\t\t\t\tContact Information\t\n\t\t\t\n\t\t<\/h3>\n\n\t<\/div>\n<\/div>\t\t\t\t<\/div>\n\t\t\t\t<\/div>\n\t\t\t\t<div class=\"elementor-element elementor-element-0b83893 elementor-hidden-tablet elementor-hidden-mobile_extra elementor-hidden-mobile elementor-widget elementor-widget-pxl_icon_box\" data-id=\"0b83893\" data-element_type=\"widget\" data-e-type=\"widget\" data-widget_type=\"pxl_icon_box.default\">\n\t\t\t\t<div class=\"elementor-widget-container\">\n\t\t\t\t\t<div class=\"pxl-icon-box pxl-icon-box1 style-2 ani1\" data-wow-delay=\"ms\">\r\n    <div class=\"pxl-item--inner\">\r\n                    <div class=\"pxl-item--icon\">\r\n                                    <a href=\"https:\/\/maps.app.goo.gl\/iABo464Ja4Hd6k686\" target=\"_blank\" rel=\"noopener\">\r\n                                        <i aria-hidden=\"true\" class=\"fas fa-map-marker-alt\"><\/i>                                        <\/a>\r\n                            <\/div>\r\n                        <div class=\"pxl-item--meta\">\r\n                            <h5 class=\"pxl-item--title el-empty\">\r\n                                   Address                                  <\/h5>\r\n                      <div class=\"pxl-item--description el-empty\">Beytepe Mah. Kanuni Sultan S\u00fcleyman Bulv. No: 14\/B3 <br> \u00c7ankaya \/ ANKARA<\/div>\r\n       <\/div>\r\n   <\/div>\r\n<\/div>\t\t\t\t<\/div>\n\t\t\t\t<\/div>\n\t\t\t\t<div class=\"elementor-element elementor-element-d6a9a40 elementor-hidden-widescreen elementor-hidden-desktop elementor-hidden-laptop elementor-hidden-tablet_extra elementor-widget elementor-widget-pxl_icon_box\" data-id=\"d6a9a40\" data-element_type=\"widget\" data-e-type=\"widget\" data-widget_type=\"pxl_icon_box.default\">\n\t\t\t\t<div class=\"elementor-widget-container\">\n\t\t\t\t\t<div class=\"pxl-icon-box pxl-icon-box1 style-2 ani1\" data-wow-delay=\"ms\">\r\n    <div class=\"pxl-item--inner\">\r\n                    <div class=\"pxl-item--icon\">\r\n                                    <a href=\"https:\/\/maps.app.goo.gl\/iABo464Ja4Hd6k686\" target=\"_blank\" rel=\"noopener\">\r\n                                        <i aria-hidden=\"true\" class=\"fas fa-map-marker-alt\"><\/i>                                        <\/a>\r\n                            <\/div>\r\n                        <div class=\"pxl-item--meta\">\r\n                            <h5 class=\"pxl-item--title el-empty\">\r\n                                   Address                                  <\/h5>\r\n                      <div class=\"pxl-item--description el-empty\">Beytepe Mah. Kanuni Sultan S\u00fcleyman Bulv. No: 14\/B3 \u00c7ankaya \/ ANKARA<\/div>\r\n       <\/div>\r\n   <\/div>\r\n<\/div>\t\t\t\t<\/div>\n\t\t\t\t<\/div>\n\t\t\t\t<div class=\"elementor-element elementor-element-00ada1f elementor-widget elementor-widget-pxl_icon_box\" data-id=\"00ada1f\" data-element_type=\"widget\" data-e-type=\"widget\" data-widget_type=\"pxl_icon_box.default\">\n\t\t\t\t<div class=\"elementor-widget-container\">\n\t\t\t\t\t<div class=\"pxl-icon-box pxl-icon-box1 style-2 ani1\" data-wow-delay=\"ms\">\r\n    <div class=\"pxl-item--inner\">\r\n                    <div class=\"pxl-item--icon\">\r\n                                    <a href=\"\/en\/+903122270600\/\">\r\n                                        <i aria-hidden=\"true\" class=\"fas fa-phone-alt\"><\/i>                                        <\/a>\r\n                            <\/div>\r\n                        <div class=\"pxl-item--meta\">\r\n                            <h5 class=\"pxl-item--title el-empty\">\r\n                                   Telephone                                  <\/h5>\r\n                      <div class=\"pxl-item--description el-empty\">+90 312 227 0 600<\/div>\r\n       <\/div>\r\n   <\/div>\r\n<\/div>\t\t\t\t<\/div>\n\t\t\t\t<\/div>\n\t\t\t\t<div class=\"elementor-element elementor-element-945de6f elementor-widget elementor-widget-pxl_icon_box\" data-id=\"945de6f\" data-element_type=\"widget\" data-e-type=\"widget\" data-widget_type=\"pxl_icon_box.default\">\n\t\t\t\t<div class=\"elementor-widget-container\">\n\t\t\t\t\t<div class=\"pxl-icon-box pxl-icon-box1 style-2 ani1\" data-wow-delay=\"ms\">\r\n    <div class=\"pxl-item--inner\">\r\n                    <div class=\"pxl-item--icon\">\r\n                                    <a href=\"\/en\/+903122270600\/\">\r\n                                        <i aria-hidden=\"true\" class=\"fab fa-whatsapp\"><\/i>                                        <\/a>\r\n                            <\/div>\r\n                        <div class=\"pxl-item--meta\">\r\n                            <h5 class=\"pxl-item--title el-empty\">\r\n                                   WhatsApp                                  <\/h5>\r\n                      <div class=\"pxl-item--description el-empty\">+90 536 997 2842 (ATIA)<\/div>\r\n       <\/div>\r\n   <\/div>\r\n<\/div>\t\t\t\t<\/div>\n\t\t\t\t<\/div>\n\t\t\t\t<div class=\"elementor-element elementor-element-0ad667d elementor-widget elementor-widget-pxl_icon_box\" data-id=\"0ad667d\" data-element_type=\"widget\" data-e-type=\"widget\" data-widget_type=\"pxl_icon_box.default\">\n\t\t\t\t<div class=\"elementor-widget-container\">\n\t\t\t\t\t<div class=\"pxl-icon-box pxl-icon-box1 style-2 ani1\" data-wow-delay=\"ms\">\r\n    <div class=\"pxl-item--inner\">\r\n                    <div class=\"pxl-item--icon\">\r\n                                    <a href=\"\/en\/+903122270600\/\">\r\n                                        <i aria-hidden=\"true\" class=\"far fa-envelope\"><\/i>                                        <\/a>\r\n                            <\/div>\r\n                        <div class=\"pxl-item--meta\">\r\n                            <h5 class=\"pxl-item--title el-empty\">\r\n                                   E-mail                                  <\/h5>\r\n                      <div class=\"pxl-item--description el-empty\">info@atiayapi.com<\/div>\r\n       <\/div>\r\n   <\/div>\r\n<\/div>\t\t\t\t<\/div>\n\t\t\t\t<\/div>\n\t\t\t\t<div class=\"elementor-element elementor-element-ead0acb elementor-widget elementor-widget-pxl_icon_box\" data-id=\"ead0acb\" data-element_type=\"widget\" data-e-type=\"widget\" data-widget_type=\"pxl_icon_box.default\">\n\t\t\t\t<div class=\"elementor-widget-container\">\n\t\t\t\t\t<div class=\"pxl-icon-box pxl-icon-box1 style-2 ani1\" data-wow-delay=\"ms\">\r\n    <div class=\"pxl-item--inner\">\r\n                    <div class=\"pxl-item--icon\">\r\n                                    <a href=\"https:\/\/maps.app.goo.gl\/SX7hLAubvraPxMMt9\" target=\"_blank\" rel=\"noopener\">\r\n                                        <i aria-hidden=\"true\" class=\"fas fa-clock\"><\/i>                                        <\/a>\r\n                            <\/div>\r\n                        <div class=\"pxl-item--meta\">\r\n                            <h5 class=\"pxl-item--title el-empty\">\r\n                                   Working Hours                                  <\/h5>\r\n                      <div class=\"pxl-item--description el-empty\"><b>Weekdays<\/b> 09:00 - 18:30 <br>\n<b>Saturday:<\/b> 09:00 - 18:30 <br>\n<b>Sunday:<\/b> Closed<\/div>\r\n       <\/div>\r\n   <\/div>\r\n<\/div>\t\t\t\t<\/div>\n\t\t\t\t<\/div>\n\t\t            <\/div>\r\n        <\/div>\r\n                <div class=\"elementor-column elementor-col-50 elementor-inner-column elementor-element elementor-element-510ced3 pxl-column-none pxl-column-overflow-hidden-no pxl-column-zoom-no\" data-id=\"510ced3\" data-element_type=\"column\" data-e-type=\"column\">\r\n        <div class=\"elementor-widget-wrap elementor-element-populated\">\r\n                     \r\n        \t\t<div class=\"elementor-element elementor-element-93a949d elementor-widget elementor-widget-pxl_heading\" data-id=\"93a949d\" data-element_type=\"widget\" data-e-type=\"widget\" data-widget_type=\"pxl_heading.default\">\n\t\t\t\t<div class=\"elementor-widget-container\">\n\t\t\t\t\t\n<div id=\"pxl-pxl_heading-93a949d-3614\" class=\"pxl-heading px-sub-title-default style-default-style\">\n\t<div class=\"pxl-heading--inner\">\n\t\t\n\t\t<h3 class=\"pxl-item--title pxl-split-text style-default  highlight-default split-in-right\" data-wow-delay=\"ms\">\n\t\t\t\t\tContact Form\t\n\t\t\t\n\t\t<\/h3>\n\n\t<\/div>\n<\/div>\t\t\t\t<\/div>\n\t\t\t\t<\/div>\n\t\t\t\t<div class=\"elementor-element elementor-element-951223b elementor-widget elementor-widget-pxl_contact_form\" data-id=\"951223b\" data-element_type=\"widget\" data-e-type=\"widget\" data-widget_type=\"pxl_contact_form.default\">\n\t\t\t\t<div class=\"elementor-widget-container\">\n\t\t\t\t\t    <div class=\"pxl-contact-form pxl-contact-form1 btn-w-auto\" data-wow-delay=\"ms\">\r\n        \n<div class=\"wpcf7 no-js\" id=\"wpcf7-f23845-o1\" lang=\"tr-TR\" dir=\"ltr\" data-wpcf7-id=\"23845\">\n<div class=\"screen-reader-response\"><p role=\"status\" aria-live=\"polite\" aria-atomic=\"true\"><\/p> <ul><\/ul><\/div>\n<form action=\"\/en\/wp-json\/wp\/v2\/pages\/1306#wpcf7-f23845-o1\" method=\"post\" class=\"wpcf7-form init\" aria-label=\"Contact Form\" novalidate=\"novalidate\" data-status=\"init\" data-trp-original-action=\"\/en\/wp-json\/wp\/v2\/pages\/1306#wpcf7-f23845-o1\">\n<fieldset class=\"hidden-fields-container\"><input type=\"hidden\" name=\"_wpcf7\" value=\"23845\" \/><input type=\"hidden\" name=\"_wpcf7_version\" value=\"6.1.5\" \/><input type=\"hidden\" name=\"_wpcf7_locale\" value=\"tr_TR\" \/><input type=\"hidden\" name=\"_wpcf7_unit_tag\" value=\"wpcf7-f23845-o1\" \/><input type=\"hidden\" name=\"_wpcf7_container_post\" value=\"0\" \/><input type=\"hidden\" name=\"_wpcf7_posted_data_hash\" value=\"\" \/>\n<\/fieldset>\n<div class=\"wrap-ctf-page wrap-form\">\n\t<div class=\"containter\">\n\t\t<div class=\"row\">\n\t\t\t<div class=\"input-filled col-xl-6 col-lg-6 col-md-6 col-sm-6 col-xs-12\">\n\t\t\t\t<p><span class=\"cm-divider wpcf7-form-control-wrap your-name\"><span class=\"wpcf7-form-control-wrap\" data-name=\"your-name\"><input size=\"40\" maxlength=\"400\" class=\"wpcf7-form-control wpcf7-text wpcf7-validates-as-required\" aria-required=\"true\" aria-invalid=\"false\" placeholder=\"*Name Surname\" value=\"\" type=\"text\" name=\"your-name\" \/><\/span><span class=\"ip-divider\"><\/span><\/span>\n\t\t\t\t<\/p>\n\t\t\t<\/div>\n\t\t\t<div class=\"input-filled col-xl-6 col-lg-6 col-md-6 col-sm-6 col-xs-12\">\n\t\t\t\t<p><span class=\"cm-divider wpcf7-form-control-wrap your-email\"><span class=\"wpcf7-form-control-wrap\" data-name=\"your-email\"><input size=\"40\" maxlength=\"400\" class=\"wpcf7-form-control wpcf7-email wpcf7-validates-as-required wpcf7-text wpcf7-validates-as-email\" aria-required=\"true\" aria-invalid=\"false\" placeholder=\"*Email Address\" value=\"\" type=\"email\" name=\"your-email\" \/><\/span><span class=\"ip-divider\"><\/span><\/span>\n\t\t\t\t<\/p>\n\t\t\t<\/div>\n\t\t\t<div class=\"input-filled col-xl-6 col-lg-6 col-md-12 col-sm-12 col-xs-12\">\n\t\t\t\t<p><span class=\"cm-divider wpcf7-form-control-wrap your-phone\"><span class=\"wpcf7-form-control-wrap\" data-name=\"your-phone\"><input size=\"40\" maxlength=\"400\" class=\"wpcf7-form-control wpcf7-tel wpcf7-validates-as-required wpcf7-text wpcf7-validates-as-tel\" aria-required=\"true\" aria-invalid=\"false\" placeholder=\"*Phone Number\" value=\"\" type=\"tel\" name=\"your-phone\" \/><\/span><span class=\"ip-divider\"><\/span><\/span>\n\t\t\t\t<\/p>\n\t\t\t<\/div>\n\t\t\t<div class=\"input-filled col-xl-6 col-lg-6 col-md-6 col-sm-6 col-xs-12\">\n\t\t\t\t<p><span class=\"cm-divider wpcf7-form-control-wrap your-name\"><span class=\"wpcf7-form-control-wrap\" data-name=\"konu\"><input size=\"40\" maxlength=\"400\" class=\"wpcf7-form-control wpcf7-text wpcf7-validates-as-required\" aria-required=\"true\" aria-invalid=\"false\" placeholder=\"*Subject\" value=\"\" type=\"text\" name=\"konu\" \/><\/span><span class=\"ip-divider\"><\/span><\/span>\n\t\t\t\t<\/p>\n\t\t\t<\/div>\n\t\t\t<div class=\"input-filled col-xl-12\">\n\t\t\t\t<p><span class=\"cm-divider wpcf7-form-control-wrap your-messeage\"><span class=\"wpcf7-form-control-wrap\" data-name=\"your-messeage\"><textarea cols=\"40\" rows=\"10\" maxlength=\"2000\" class=\"wpcf7-form-control wpcf7-textarea wpcf7-validates-as-required\" aria-required=\"true\" aria-invalid=\"false\" placeholder=\"You can write your message here...\" name=\"your-messeage\"><\/textarea><\/span><span class=\"ip-divider\"><\/span><\/span><button type=\"submit\" class=\"wpcf7-submit wpcf7-btn-abs\" ><svg xmlns=\"http:\/\/www.w3.org\/2000\/svg\" id=\"Layer_1\" data-name=\"Layer 1\" viewbox=\"0 0 405.14 355.08\"><defs><style>.cls-1{fill:#fff;}<\/style><\/defs><path class=\"cls-1\" d=\"M430.41,225.51,76,377.76a26.44,26.44,0,0,1-10.31,2.38c-6.87,0-13-2.66-18.24-7.93q-11.1-13.5-4.76-28.55L101.32,226.3l191.9-23.79-191.9-23.79L42.64,61.36Q36.29,45.51,47.4,32.81,59.3,20.92,76,27.26L431.2,179.51q14.28,7.14,14.28,22.21Q444.68,218.37,430.41,225.51Z\" transform=\"translate(-40.34 -25.06)\"\/><\/svg><\/button>\n\t\t\t\t<\/p>\n\t\t\t<\/div>\n\t\t<\/div>\n\t<\/div>\n<\/div>\n<p><div class=\"cf7-cf-turnstile\" style=\"margin-top: 0px; margin-bottom: -15px;\"> <div id=\"cf-turnstile-cf7-2281264809\" class=\"cf-turnstile\" data-sitekey=\"0x4AAAAAAC--4hroF5T37joy\" data-theme=\"light\" data-language=\"auto\" data-size=\"flexible\" data-retry=\"auto\" data-retry-interval=\"1000\" data-refresh-expired=\"auto\" data-refresh-timeout=\"auto\" data-action=\"contact-form-7\" data-callback=\"turnstileCF7Callback\" data-appearance=\"always\"><\/div> <script>document.addEventListener(\"DOMContentLoaded\", function() { setTimeout(function(){ var e=document.getElementById(\"cf-turnstile-cf7-2281264809\"); if(e&&!e.innerHTML.trim()){turnstile.render(e, {sitekey:\"0x4AAAAAAC--4hroF5T37joy\"});} }, 200); });<\/script> <br class=\"cf-turnstile-br cf-turnstile-br-cf7-2281264809\"> <style>#cf-turnstile-cf7-2281264809 { margin-left: -15px; }<\/style> <script>document.addEventListener(\"DOMContentLoaded\",function(){document.querySelectorAll('.wpcf7-form').forEach(function(e){e.addEventListener('submit',function(){if(document.getElementById('cf-turnstile-cf7-2281264809')){setTimeout(function(){turnstile.reset('#cf-turnstile-cf7-2281264809');},1000)}})})});<\/script> <\/div>\n<\/p><div class=\"wpcf7-response-output\" aria-hidden=\"true\"><\/div>\n<input type=\"hidden\" name=\"trp-form-language\" value=\"en\"\/><\/form>\n<\/div>\n    <\/div>\r\n\t\t\t\t<\/div>\n\t\t\t\t<\/div>\n\t\t            <\/div>\r\n        <\/div>\r\n        \t\t\t<\/div>\n\t\t<\/section>\n\t\t            <\/div>\r\n        <\/div>\r\n        \t\t\t<\/div>\n\t\t<\/section>\n\t\t<div class=\"elementor-element elementor-element-cdb4dc2 e-flex e-con-boxed e-con e-parent\" data-id=\"cdb4dc2\" data-element_type=\"container\" data-e-type=\"container\">\t\t\t<div class=\"e-con-inner\">\r\n\t\t\t\t<div class=\"elementor-element elementor-element-b3e6574 elementor-widget elementor-widget-html\" data-id=\"b3e6574\" data-element_type=\"widget\" data-e-type=\"widget\" data-widget_type=\"html.default\">\n\t\t\t\t<div class=\"elementor-widget-container\">\n\t\t\t\t\t<iframe src=\"https:\/\/www.google.com\/maps\/embed?pb=!1m18!1m12!1m3!1d3062.159965805208!2d32.7035324!3d39.8706546!2m3!1f0!2f0!3f0!3m2!1i1024!2i768!4f13.1!3m3!1m2!1s0x14d33917170d997f%3A0x2145ca7fdc072ec!2sAtia%20Yap%C4%B1!5e0!3m2!1str!2str!4v1758280189658!5m2!1str!2str\" width=\"600\" height=\"450\" style=\"border:0;\" allowfullscreen=\"\" loading=\"lazy\" referrerpolicy=\"no-referrer-when-downgrade\"><\/iframe>\t\t\t\t<\/div>\n\t\t\t\t<\/div>\n\t\t\t\t\t<\/div>\r\n\t\t\t\t<\/div>\r\n\t\t<div class=\"elementor-element elementor-element-fb035b9 e-flex e-con-boxed e-con e-parent\" data-id=\"fb035b9\" data-element_type=\"container\" data-e-type=\"container\">\t\t\t<div class=\"e-con-inner\">\r\n\t\t\t\t<div class=\"elementor-element elementor-element-d2306b8 elementor-widget elementor-widget-spacer\" data-id=\"d2306b8\" data-element_type=\"widget\" data-e-type=\"widget\" data-widget_type=\"spacer.default\">\n\t\t\t\t<div class=\"elementor-widget-container\">\n\t\t\t\t\t\t\t<div class=\"elementor-spacer\">\n\t\t\t<div class=\"elementor-spacer-inner\"><\/div>\n\t\t<\/div>\n\t\t\t\t\t\t<\/div>\n\t\t\t\t<\/div>\n\t\t\t\t\t<\/div>\r\n\t\t\t\t<\/div>\r\n\t\t\t\t<\/div>","protected":false},"excerpt":{"rendered":"<p>Bize Ula\u015f\u0131n Her t\u00fcrl\u00fc sorunuz, proje talepleriniz veya showroom ziyaretleriniz i\u00e7in bizimle ileti\u015fime ge\u00e7ebilirsiniz. Mimarlar, i\u00e7 mimarlar ve proje geli\u015ftiriciler i\u00e7in \u00f6zel g\u00f6r\u00fc\u015fme randevusu olu\u015fturabilirsiniz. \u0130leti\u015fim Bilgileri Adres Beytepe Mah. Kanuni Sultan S\u00fcleyman Bulv. No: 14\/B3 \u00c7ankaya \/ ANKARA Adres Beytepe Mah. Kanuni Sultan S\u00fcleyman Bulv. No: 14\/B3 \u00c7ankaya \/ ANKARA Telefon +90 312 227 [&hellip;]<\/p>","protected":false},"author":1,"featured_media":0,"parent":0,"menu_order":0,"comment_status":"closed","ping_status":"closed","template":"","meta":{"footnotes":""},"class_list":["post-1306","page","type-page","status-publish","hentry"],"_links":{"self":[{"href":"https:\/\/www.atiayapi.com\/en\/wp-json\/wp\/v2\/pages\/1306","targetHints":{"allow":["GET"]}}],"collection":[{"href":"https:\/\/www.atiayapi.com\/en\/wp-json\/wp\/v2\/pages"}],"about":[{"href":"https:\/\/www.atiayapi.com\/en\/wp-json\/wp\/v2\/types\/page"}],"author":[{"embeddable":true,"href":"https:\/\/www.atiayapi.com\/en\/wp-json\/wp\/v2\/users\/1"}],"replies":[{"embeddable":true,"href":"https:\/\/www.atiayapi.com\/en\/wp-json\/wp\/v2\/comments?post=1306"}],"version-history":[{"count":10,"href":"https:\/\/www.atiayapi.com\/en\/wp-json\/wp\/v2\/pages\/1306\/revisions"}],"predecessor-version":[{"id":24514,"href":"https:\/\/www.atiayapi.com\/en\/wp-json\/wp\/v2\/pages\/1306\/revisions\/24514"}],"wp:attachment":[{"href":"https:\/\/www.atiayapi.com\/en\/wp-json\/wp\/v2\/media?parent=1306"}],"curies":[{"name":"wp","href":"https:\/\/api.w.org\/{rel}","templated":true}]}}